{"id":13,"date":"2010-01-13T19:49:20","date_gmt":"2010-01-13T19:49:20","guid":{"rendered":"http:\/\/mcmedia.nl\/klanten\/fredprinsenbv\/?page_id=13"},"modified":"2020-07-13T08:35:59","modified_gmt":"2020-07-13T12:35:59","slug":"ombouwtrein","status":"publish","type":"page","link":"https:\/\/fredprinsen.nl\/de\/werkzaamheden\/ombouwtrein\/","title":{"rendered":"Arbeitszug"},"content":{"rendered":"<p>Fred Prinsen BV ist sehr erfahren beim Beladen und Entladen des Arbeitszugs. Um einen fl\u00fcssigen Arbeitslauf zu gew\u00e4hrleisten, verwenden wir alle LKWs zur entladung von alten Schwellen und transportieren diese zu unserem Hof in Austerlitz. Nachdem der Zug entladen wurde, fangen wir mit der Beladung von neuen Schwellen an. Es ist f\u00fcr den Unternehmer wichtig, den Wagen so schnell wie m\u00f6glich zum Arbeitszug zur\u00fcckzubringen. Da wir mehrere Kr\u00e4ne verwenden, geschieht dies sehr schnell.<\/p>\n<p><img decoding=\"async\" class=\"lazyload alignleft size-full wp-image-298\" title=\"1\" src=\"data:image\/svg+xml,%3Csvg%20xmlns%3D%27http%3A%2F%2Fwww.w3.org%2F2000%2Fsvg%27%20width%3D%27275%27%20height%3D%27206%27%20viewBox%3D%270%200%20275%20206%27%3E%3Crect%20width%3D%27275%27%20height%3D%27206%27%20fill-opacity%3D%220%22%2F%3E%3C%2Fsvg%3E\" data-orig-src=\"https:\/\/fredprinsen.nl\/wp-content\/uploads\/2010\/09\/131.jpg\" alt=\"\" width=\"275\" height=\"206\"><img decoding=\"async\" class=\"lazyload alignleft size-full wp-image-299\" title=\"2\" src=\"data:image\/svg+xml,%3Csvg%20xmlns%3D%27http%3A%2F%2Fwww.w3.org%2F2000%2Fsvg%27%20width%3D%27275%27%20height%3D%27206%27%20viewBox%3D%270%200%20275%20206%27%3E%3Crect%20width%3D%27275%27%20height%3D%27206%27%20fill-opacity%3D%220%22%2F%3E%3C%2Fsvg%3E\" data-orig-src=\"https:\/\/fredprinsen.nl\/wp-content\/uploads\/2010\/09\/231.jpg\" alt=\"\" width=\"275\" height=\"206\"><img decoding=\"async\" class=\"lazyload alignleft size-full wp-image-300\" title=\"3\" src=\"data:image\/svg+xml,%3Csvg%20xmlns%3D%27http%3A%2F%2Fwww.w3.org%2F2000%2Fsvg%27%20width%3D%27275%27%20height%3D%27206%27%20viewBox%3D%270%200%20275%20206%27%3E%3Crect%20width%3D%27275%27%20height%3D%27206%27%20fill-opacity%3D%220%22%2F%3E%3C%2Fsvg%3E\" data-orig-src=\"https:\/\/fredprinsen.nl\/wp-content\/uploads\/2010\/09\/321.jpg\" alt=\"\" width=\"275\" height=\"206\"><\/p>","protected":false},"excerpt":{"rendered":"<p>Een sterk onderdeel van Fred Prinsen BV is het lossen  [&#8230;]<\/p>\n","protected":false},"author":1,"featured_media":0,"parent":9,"menu_order":4,"comment_status":"closed","ping_status":"closed","template":"","meta":{"footnotes":""},"class_list":["post-13","page","type-page","status-publish","hentry"],"_links":{"self":[{"href":"https:\/\/fredprinsen.nl\/de\/wp-json\/wp\/v2\/pages\/13","targetHints":{"allow":["GET"]}}],"collection":[{"href":"https:\/\/fredprinsen.nl\/de\/wp-json\/wp\/v2\/pages"}],"about":[{"href":"https:\/\/fredprinsen.nl\/de\/wp-json\/wp\/v2\/types\/page"}],"author":[{"embeddable":true,"href":"https:\/\/fredprinsen.nl\/de\/wp-json\/wp\/v2\/users\/1"}],"replies":[{"embeddable":true,"href":"https:\/\/fredprinsen.nl\/de\/wp-json\/wp\/v2\/comments?post=13"}],"version-history":[{"count":1,"href":"https:\/\/fredprinsen.nl\/de\/wp-json\/wp\/v2\/pages\/13\/revisions"}],"predecessor-version":[{"id":599,"href":"https:\/\/fredprinsen.nl\/de\/wp-json\/wp\/v2\/pages\/13\/revisions\/599"}],"up":[{"embeddable":true,"href":"https:\/\/fredprinsen.nl\/de\/wp-json\/wp\/v2\/pages\/9"}],"wp:attachment":[{"href":"https:\/\/fredprinsen.nl\/de\/wp-json\/wp\/v2\/media?parent=13"}],"curies":[{"name":"wp","href":"https:\/\/api.w.org\/{rel}","templated":true}]}}