{"id":17,"date":"2010-01-13T19:49:47","date_gmt":"2010-01-13T19:49:47","guid":{"rendered":"http:\/\/mcmedia.nl\/klanten\/fredprinsenbv\/?page_id=17"},"modified":"2020-07-13T08:35:18","modified_gmt":"2020-07-13T12:35:18","slug":"afvoeren","status":"publish","type":"page","link":"https:\/\/fredprinsen.nl\/de\/werkzaamheden\/afvoeren\/","title":{"rendered":"Beseitigung"},"content":{"rendered":"<p>Wir beseitigen die alten Materialien nach dem abwracken von Gleisen f\u00fcr alle gr\u00f6\u00dferen Bahnunternehmer in den Niederlanden, aber auch f\u00fcr ausl\u00e4ndische Bahnunternehmer (z.B. Deutschland, Belgien, D\u00e4nemark).\nDies findet im Einklang mit der aktuellen Gesetzgebung im Bereich Umwelt und anderen Gesetzgebungen statt. Unsere Abfallstromnummer ist 06219. Unsere VIHB Nummer ist UT500293VIHB.<br \/>\n<span style=\"color: white;\">ruimte<\/span><br \/>\n<span style=\"color: white;\">ruimte<\/span><br \/>\n<span style=\"color: white;\">ruimte<\/span><br \/>\n<img decoding=\"async\" class=\"lazyload alignleft size-full wp-image-294\" title=\"1\" src=\"data:image\/svg+xml,%3Csvg%20xmlns%3D%27http%3A%2F%2Fwww.w3.org%2F2000%2Fsvg%27%20width%3D%27275%27%20height%3D%27206%27%20viewBox%3D%270%200%20275%20206%27%3E%3Crect%20width%3D%27275%27%20height%3D%27206%27%20fill-opacity%3D%220%22%2F%3E%3C%2Fsvg%3E\" data-orig-src=\"https:\/\/fredprinsen.nl\/wp-content\/uploads\/2010\/09\/13.jpg\" alt=\"\" width=\"275\" height=\"206\"><img decoding=\"async\" class=\"lazyload alignleft size-full wp-image-295\" title=\"2\" src=\"data:image\/svg+xml,%3Csvg%20xmlns%3D%27http%3A%2F%2Fwww.w3.org%2F2000%2Fsvg%27%20width%3D%27275%27%20height%3D%27184%27%20viewBox%3D%270%200%20275%20184%27%3E%3Crect%20width%3D%27275%27%20height%3D%27184%27%20fill-opacity%3D%220%22%2F%3E%3C%2Fsvg%3E\" data-orig-src=\"https:\/\/fredprinsen.nl\/wp-content\/uploads\/2010\/09\/23.jpg\" alt=\"\" width=\"275\" height=\"184\"><img decoding=\"async\" class=\"lazyload alignleft size-full wp-image-296\" title=\"3\" src=\"data:image\/svg+xml,%3Csvg%20xmlns%3D%27http%3A%2F%2Fwww.w3.org%2F2000%2Fsvg%27%20width%3D%27275%27%20height%3D%27206%27%20viewBox%3D%270%200%20275%20206%27%3E%3Crect%20width%3D%27275%27%20height%3D%27206%27%20fill-opacity%3D%220%22%2F%3E%3C%2Fsvg%3E\" data-orig-src=\"https:\/\/fredprinsen.nl\/wp-content\/uploads\/2010\/09\/32.jpg\" alt=\"\" width=\"275\" height=\"206\"><\/p>","protected":false},"excerpt":{"rendered":"<p>Voor de grote spooraannemers in Nederland, maar ook voor spooraannemers  [&#8230;]<\/p>\n","protected":false},"author":1,"featured_media":0,"parent":9,"menu_order":3,"comment_status":"closed","ping_status":"closed","template":"","meta":{"footnotes":""},"class_list":["post-17","page","type-page","status-publish","hentry"],"_links":{"self":[{"href":"https:\/\/fredprinsen.nl\/de\/wp-json\/wp\/v2\/pages\/17","targetHints":{"allow":["GET"]}}],"collection":[{"href":"https:\/\/fredprinsen.nl\/de\/wp-json\/wp\/v2\/pages"}],"about":[{"href":"https:\/\/fredprinsen.nl\/de\/wp-json\/wp\/v2\/types\/page"}],"author":[{"embeddable":true,"href":"https:\/\/fredprinsen.nl\/de\/wp-json\/wp\/v2\/users\/1"}],"replies":[{"embeddable":true,"href":"https:\/\/fredprinsen.nl\/de\/wp-json\/wp\/v2\/comments?post=17"}],"version-history":[{"count":1,"href":"https:\/\/fredprinsen.nl\/de\/wp-json\/wp\/v2\/pages\/17\/revisions"}],"predecessor-version":[{"id":598,"href":"https:\/\/fredprinsen.nl\/de\/wp-json\/wp\/v2\/pages\/17\/revisions\/598"}],"up":[{"embeddable":true,"href":"https:\/\/fredprinsen.nl\/de\/wp-json\/wp\/v2\/pages\/9"}],"wp:attachment":[{"href":"https:\/\/fredprinsen.nl\/de\/wp-json\/wp\/v2\/media?parent=17"}],"curies":[{"name":"wp","href":"https:\/\/api.w.org\/{rel}","templated":true}]}}