{"id":251,"date":"2010-08-30T14:33:56","date_gmt":"2010-08-30T14:33:56","guid":{"rendered":"https:\/\/fredprinsen.nl\/?page_id=251"},"modified":"2020-07-13T08:25:06","modified_gmt":"2020-07-13T12:25:06","slug":"wissels-2","status":"publish","type":"page","link":"https:\/\/fredprinsen.nl\/de\/spoorwegmateriaal\/wissels-2\/","title":{"rendered":"Weichen"},"content":{"rendered":"<p>Wir k\u00f6nnen komplette Weichen oder einzelne Teile hierf\u00fcr liefern, alles aus gebrauchten Materialien. Wir haben unterschiedliche Weichen auf Lager, sowohl aus Holz als auch aus Beton. Dar\u00fcber hinaus haben wir alle Arten von Weichenzubeh\u00f6r, wie z.B. Weichenpaare, Herzst\u00fccke, bewegbare Schlitten (z.B. VHO, EHO, usw.), kleine Eisenplatten und \u00dcbergangsschwellen (wahlweise druckimpr\u00e4gniert).<\/p>\n<p>Selbstverst\u00e4ndlich k\u00f6nnen Sie uns jederzeit anrufen, um unseren Bestand abzufragen.<\/p>","protected":false},"excerpt":{"rendered":"<p>Wij leveren ook alle losse materialen voor wissels en daarnaast  [&#8230;]<\/p>\n","protected":false},"author":1,"featured_media":0,"parent":5,"menu_order":4,"comment_status":"closed","ping_status":"closed","template":"","meta":{"footnotes":""},"class_list":["post-251","page","type-page","status-publish","hentry"],"_links":{"self":[{"href":"https:\/\/fredprinsen.nl\/de\/wp-json\/wp\/v2\/pages\/251","targetHints":{"allow":["GET"]}}],"collection":[{"href":"https:\/\/fredprinsen.nl\/de\/wp-json\/wp\/v2\/pages"}],"about":[{"href":"https:\/\/fredprinsen.nl\/de\/wp-json\/wp\/v2\/types\/page"}],"author":[{"embeddable":true,"href":"https:\/\/fredprinsen.nl\/de\/wp-json\/wp\/v2\/users\/1"}],"replies":[{"embeddable":true,"href":"https:\/\/fredprinsen.nl\/de\/wp-json\/wp\/v2\/comments?post=251"}],"version-history":[{"count":1,"href":"https:\/\/fredprinsen.nl\/de\/wp-json\/wp\/v2\/pages\/251\/revisions"}],"predecessor-version":[{"id":595,"href":"https:\/\/fredprinsen.nl\/de\/wp-json\/wp\/v2\/pages\/251\/revisions\/595"}],"up":[{"embeddable":true,"href":"https:\/\/fredprinsen.nl\/de\/wp-json\/wp\/v2\/pages\/5"}],"wp:attachment":[{"href":"https:\/\/fredprinsen.nl\/de\/wp-json\/wp\/v2\/media?parent=251"}],"curies":[{"name":"wp","href":"https:\/\/api.w.org\/{rel}","templated":true}]}}