{"id":77,"date":"2010-01-20T17:40:15","date_gmt":"2010-01-20T17:40:15","guid":{"rendered":"http:\/\/mcmedia.nl\/klanten\/fredprinsenbv\/?page_id=77"},"modified":"2020-07-13T08:24:54","modified_gmt":"2020-07-13T12:24:54","slug":"overwegen","status":"publish","type":"page","link":"https:\/\/fredprinsen.nl\/de\/spoorwegmateriaal\/overwegen\/","title":{"rendered":"Bahn\u00fcbergangen"},"content":{"rendered":"<p>Sie sind hier am richtigen Platz gelandet, wenn Sie auf der Suche nach Bahn\u00fcberg\u00e4ngen sind. Wir verf\u00fcgen \u00fcber ein gro\u00dfes Inventar an gebrauchten Materialen f\u00fcr alle Arten von Bahn\u00fcberg\u00e4ngen. Das reicht von einem Bahn\u00fcbergang f\u00fcr h\u00f6lzerne Schwellen, bis hin zu Bahn\u00fcberg\u00e4ngen f\u00fcr Betonschwellen (z.B. NS90). Diese sind als leicht oder schwer universell erh\u00e4ltlich. Wir k\u00f6nnen Ihnen den kompletten Bahn\u00fcbergang anbieten, aber Sie k\u00f6nnen auch jedes Teil einzeln bestellen.<\/p>\n<p>Wij kunnen binnen- en buitenplaten leveren, pantserbanden, opsluit- en oploopconstructies, overwegrubbers en daarnaast Harmelen overwegen in 6 en 9 meter.<\/p>","protected":false},"excerpt":{"rendered":"<p>Voor overwegen bent u bij ons ook aan het juiste  [&#8230;]<\/p>\n","protected":false},"author":1,"featured_media":0,"parent":5,"menu_order":3,"comment_status":"closed","ping_status":"closed","template":"","meta":{"footnotes":""},"class_list":["post-77","page","type-page","status-publish","hentry"],"_links":{"self":[{"href":"https:\/\/fredprinsen.nl\/de\/wp-json\/wp\/v2\/pages\/77","targetHints":{"allow":["GET"]}}],"collection":[{"href":"https:\/\/fredprinsen.nl\/de\/wp-json\/wp\/v2\/pages"}],"about":[{"href":"https:\/\/fredprinsen.nl\/de\/wp-json\/wp\/v2\/types\/page"}],"author":[{"embeddable":true,"href":"https:\/\/fredprinsen.nl\/de\/wp-json\/wp\/v2\/users\/1"}],"replies":[{"embeddable":true,"href":"https:\/\/fredprinsen.nl\/de\/wp-json\/wp\/v2\/comments?post=77"}],"version-history":[{"count":1,"href":"https:\/\/fredprinsen.nl\/de\/wp-json\/wp\/v2\/pages\/77\/revisions"}],"predecessor-version":[{"id":594,"href":"https:\/\/fredprinsen.nl\/de\/wp-json\/wp\/v2\/pages\/77\/revisions\/594"}],"up":[{"embeddable":true,"href":"https:\/\/fredprinsen.nl\/de\/wp-json\/wp\/v2\/pages\/5"}],"wp:attachment":[{"href":"https:\/\/fredprinsen.nl\/de\/wp-json\/wp\/v2\/media?parent=77"}],"curies":[{"name":"wp","href":"https:\/\/api.w.org\/{rel}","templated":true}]}}