{"id":82,"date":"2010-01-20T18:48:36","date_gmt":"2010-01-20T18:48:36","guid":{"rendered":"http:\/\/mcmedia.nl\/klanten\/fredprinsenbv\/?page_id=82"},"modified":"2012-03-23T11:47:33","modified_gmt":"2012-03-23T15:47:33","slug":"bevestigingsmateriaal","status":"publish","type":"page","link":"https:\/\/fredprinsen.nl\/de\/spoorwegmateriaal\/bevestigingsmateriaal\/","title":{"rendered":"Befestigungsmaterial"},"content":{"rendered":"<div id=\"banner\">\n<script type=\"text\/javascript\" src=\"https:\/\/fredprinsen.nl\/banner\/bevestigingsmat\/bzLoader.js\"><\/script><noscript><\/p>\n<p style=\"background-color:#ffffff;color:#000000;padding:1em;\">Your browser doesn&#8217;t support JavaScript or you have disabled JavaScript.<\/p>\n<p><\/noscript><\/p>\n<div id=\"SWBZ3EC50D1A91644913A107\"><\/div>\n<div id=\"LKBZ3EC50D1A91644913A107\"><\/div>\n<\/div>\n<p>Unter Befestigungsmaterial versteht man die unterschiedlichen Materialien, die zur Befestigung der Schienen an die Schwellen verwendet werden. Denken Sie an die unterschiedlichen Platten f\u00fcr die verschiedenen Arten von Schienen, sowie an die vielf\u00e4ltigen Schulterstifte und Spannschrauben. Wir liefern diese Materialien haupts\u00e4chlich gebraucht, sie sind aber auch neu erh\u00e4ltlich. Die Materialien werden abh\u00e4ngig vom Produkt in S\u00e4cken, Kisten oder Paletten geliefert.<\/p>","protected":false},"excerpt":{"rendered":"<p>Your browser doesn&#8217;t support JavaScript or you have disabled JavaScript.  [&#8230;]<\/p>\n","protected":false},"author":1,"featured_media":0,"parent":5,"menu_order":6,"comment_status":"closed","ping_status":"closed","template":"sidebar_page.php","meta":{"footnotes":""},"class_list":["post-82","page","type-page","status-publish","hentry"],"_links":{"self":[{"href":"https:\/\/fredprinsen.nl\/de\/wp-json\/wp\/v2\/pages\/82","targetHints":{"allow":["GET"]}}],"collection":[{"href":"https:\/\/fredprinsen.nl\/de\/wp-json\/wp\/v2\/pages"}],"about":[{"href":"https:\/\/fredprinsen.nl\/de\/wp-json\/wp\/v2\/types\/page"}],"author":[{"embeddable":true,"href":"https:\/\/fredprinsen.nl\/de\/wp-json\/wp\/v2\/users\/1"}],"replies":[{"embeddable":true,"href":"https:\/\/fredprinsen.nl\/de\/wp-json\/wp\/v2\/comments?post=82"}],"version-history":[{"count":0,"href":"https:\/\/fredprinsen.nl\/de\/wp-json\/wp\/v2\/pages\/82\/revisions"}],"up":[{"embeddable":true,"href":"https:\/\/fredprinsen.nl\/de\/wp-json\/wp\/v2\/pages\/5"}],"wp:attachment":[{"href":"https:\/\/fredprinsen.nl\/de\/wp-json\/wp\/v2\/media?parent=82"}],"curies":[{"name":"wp","href":"https:\/\/api.w.org\/{rel}","templated":true}]}}